{"id":23447,"date":"2024-11-29T20:04:23","date_gmt":"2024-11-29T19:04:23","guid":{"rendered":"https:\/\/www.2street-studio.com\/product\/the-capsule-by-monsieur-lebleu-augmented-reality-ar-bundle-black-2street-studio-x-urban-arts\/"},"modified":"2024-11-29T20:04:23","modified_gmt":"2024-11-29T19:04:23","slug":"the-capsule-by-monsieur-lebleu-augmented-reality-ar-bundle-black-2street-studio-x-urban-arts","status":"publish","type":"product","link":"https:\/\/www.2street-studio.com\/en\/product\/the-capsule-by-monsieur-lebleu-augmented-reality-ar-bundle-black-2street-studio-x-urban-arts\/","title":{"rendered":"The Capsule by Monsieur Lebleu &#8211; Augmented Reality (AR) Bundle Black 2Street-Studio x Urban Arts"},"content":{"rendered":"<p><strong>The Capsule Akira &#8211; Monsieur Lebleu Set Hoodie \/ T-shirt \/ Augmented Reality (AR) Print Black 2Street-Studio x Urban Arts<\/strong><\/p>\n<p>Immerse yourself in the vibrant, playful world of <strong>Monsieur Lebleu<\/strong> with this limited-edition Manga\/Anime bundle, designed in collaboration with <strong>2Street-Studio <\/strong>and <strong>Urban Arts Magazine<\/strong>. This unique collection offers you much more than just a design: it incorporates a <strong>chip<\/strong> on each item which, when scanned, triggers an <strong>augmented reality <\/strong>effect.<\/p>\n<ul>\n<li><strong>Hoodie : 320g\/m\u00b2 70% Cotton 30% polyester\/<\/strong><\/li>\n<li><strong>T-shirt cut oversize : 100% cotton 240g\/m\u00b2<\/strong><\/li>\n<li><strong>Print : A3 (29.7 x 42 cm) \/ Classic Demimatt matt coated \/ 130g\/m\u00b2 weight<\/strong><\/li>\n<\/ul>\n","protected":false},"excerpt":{"rendered":"<p><strong>Monsieur Lebleu&#8217;<\/strong>s work comes to life before your eyes thanks to this innovative technology, making each piece truly <strong>interactive<\/strong> and <strong>immersive<\/strong>.<\/p>\n<p>In this bundle:<\/p>\n<ul>\n<li><strong>1 augmented reality (AR) hoodie<\/strong><\/li>\n<li><strong>1 AR t-shirt: in augmented reality (AR)<\/strong><\/li>\n<li><strong>1 AR print in augmented reality (AR)<\/strong><\/li>\n<\/ul>\n<p>Features :<\/p>\n<ul>\n<li><strong>Augmented reality (AR) artwork<\/strong><\/li>\n<li><strong>Artist : Monsieur Lebleu<\/strong><\/li>\n<li><strong>AR effect : Designed by Adry Foxy<\/strong><\/li>\n<li><strong>Technology: Integrated chip to trigger augmented reality<\/strong><\/li>\n<li><strong>Edition : Limited<\/strong><\/li>\n<li><strong>Collaboration : Urban Arts Magazine x 2Street-Studio<\/strong><\/li>\n<\/ul>\n","protected":false},"featured_media":23144,"comment_status":"open","ping_status":"closed","template":"","meta":[],"product_brand":[],"product_cat":[102,69],"product_tag":[],"class_list":{"0":"post-23447","1":"product","2":"type-product","3":"status-publish","4":"has-post-thumbnail","6":"product_cat-bundle-en","7":"product_cat-monsieur-lebleu-en","9":"first","10":"instock","11":"taxable","12":"shipping-taxable","13":"purchasable","14":"product-type-variable"},"yoast_head":"<!-- This site is optimized with the Yoast SEO plugin v27.4 - https:\/\/yoast.com\/product\/yoast-seo-wordpress\/ -->\n<title>The Capsule Akira - Mr Lebleu augmented reality (AR) collection<\/title>\n<meta name=\"description\" content=\"The Capsule Akira - Monsieur Lebleu Collection in augmented reality (AR). Hoodie, T-shirt and Print. Art, fashion and technology. Limited Edition\" \/>\n<meta name=\"robots\" content=\"index, follow, max-snippet:-1, max-image-preview:large, max-video-preview:-1\" \/>\n<link rel=\"canonical\" href=\"https:\/\/www.2street-studio.com\/en\/product\/the-capsule-by-monsieur-lebleu-augmented-reality-ar-bundle-black-2street-studio-x-urban-arts\/\" \/>\n<meta property=\"og:locale\" content=\"en_US\" \/>\n<meta property=\"og:type\" content=\"article\" \/>\n<meta property=\"og:title\" content=\"The Capsule Akira - Mr Lebleu augmented reality (AR) collection\" \/>\n<meta property=\"og:description\" content=\"The Capsule Akira - Monsieur Lebleu Collection in augmented reality (AR). Hoodie, T-shirt and Print. Art, fashion and technology. Limited Edition\" \/>\n<meta property=\"og:url\" content=\"https:\/\/www.2street-studio.com\/en\/product\/the-capsule-by-monsieur-lebleu-augmented-reality-ar-bundle-black-2street-studio-x-urban-arts\/\" \/>\n<meta property=\"og:site_name\" content=\"2 STREET-STUDIO\" \/>\n<meta property=\"og:image\" content=\"https:\/\/www.2street-studio.com\/wp-content\/uploads\/2024\/11\/Bundle-Noir-AR-2Street-Studio-x-Urban-Arts-Magazine-\u2013-The-Capsules-par-Monsieur-Lebleu-.webp\" \/>\n\t<meta property=\"og:image:width\" content=\"2074\" \/>\n\t<meta property=\"og:image:height\" content=\"1808\" \/>\n\t<meta property=\"og:image:type\" content=\"image\/webp\" \/>\n<meta name=\"twitter:card\" content=\"summary_large_image\" \/>\n<script type=\"application\/ld+json\" class=\"yoast-schema-graph\">{\"@context\":\"https:\\\/\\\/schema.org\",\"@graph\":[{\"@type\":\"WebPage\",\"@id\":\"https:\\\/\\\/www.2street-studio.com\\\/en\\\/product\\\/the-capsule-by-monsieur-lebleu-augmented-reality-ar-bundle-black-2street-studio-x-urban-arts\\\/\",\"url\":\"https:\\\/\\\/www.2street-studio.com\\\/en\\\/product\\\/the-capsule-by-monsieur-lebleu-augmented-reality-ar-bundle-black-2street-studio-x-urban-arts\\\/\",\"name\":\"The Capsule Akira - Mr Lebleu augmented reality (AR) collection\",\"isPartOf\":{\"@id\":\"https:\\\/\\\/www.2street-studio.com\\\/en\\\/#website\"},\"primaryImageOfPage\":{\"@id\":\"https:\\\/\\\/www.2street-studio.com\\\/en\\\/product\\\/the-capsule-by-monsieur-lebleu-augmented-reality-ar-bundle-black-2street-studio-x-urban-arts\\\/#primaryimage\"},\"image\":{\"@id\":\"https:\\\/\\\/www.2street-studio.com\\\/en\\\/product\\\/the-capsule-by-monsieur-lebleu-augmented-reality-ar-bundle-black-2street-studio-x-urban-arts\\\/#primaryimage\"},\"thumbnailUrl\":\"https:\\\/\\\/www.2street-studio.com\\\/wp-content\\\/uploads\\\/2024\\\/11\\\/Bundle-Noir-AR-2Street-Studio-x-Urban-Arts-Magazine-\u2013-The-Capsules-par-Monsieur-Lebleu-.webp\",\"datePublished\":\"2024-11-29T19:04:23+00:00\",\"description\":\"The Capsule Akira - Monsieur Lebleu Collection in augmented reality (AR). Hoodie, T-shirt and Print. Art, fashion and technology. Limited Edition\",\"breadcrumb\":{\"@id\":\"https:\\\/\\\/www.2street-studio.com\\\/en\\\/product\\\/the-capsule-by-monsieur-lebleu-augmented-reality-ar-bundle-black-2street-studio-x-urban-arts\\\/#breadcrumb\"},\"inLanguage\":\"en-US\",\"potentialAction\":[{\"@type\":\"ReadAction\",\"target\":[\"https:\\\/\\\/www.2street-studio.com\\\/en\\\/product\\\/the-capsule-by-monsieur-lebleu-augmented-reality-ar-bundle-black-2street-studio-x-urban-arts\\\/\"]}]},{\"@type\":\"ImageObject\",\"inLanguage\":\"en-US\",\"@id\":\"https:\\\/\\\/www.2street-studio.com\\\/en\\\/product\\\/the-capsule-by-monsieur-lebleu-augmented-reality-ar-bundle-black-2street-studio-x-urban-arts\\\/#primaryimage\",\"url\":\"https:\\\/\\\/www.2street-studio.com\\\/wp-content\\\/uploads\\\/2024\\\/11\\\/Bundle-Noir-AR-2Street-Studio-x-Urban-Arts-Magazine-\u2013-The-Capsules-par-Monsieur-Lebleu-.webp\",\"contentUrl\":\"https:\\\/\\\/www.2street-studio.com\\\/wp-content\\\/uploads\\\/2024\\\/11\\\/Bundle-Noir-AR-2Street-Studio-x-Urban-Arts-Magazine-\u2013-The-Capsules-par-Monsieur-Lebleu-.webp\",\"width\":2074,\"height\":1808,\"caption\":\"coffret noir r\u00e9alit\u00e9 augment\u00e9e Akira \\\"The Capsules\\\" par Monsieur Lebleu. Hoodie, T-shirt et print.\"},{\"@type\":\"BreadcrumbList\",\"@id\":\"https:\\\/\\\/www.2street-studio.com\\\/en\\\/product\\\/the-capsule-by-monsieur-lebleu-augmented-reality-ar-bundle-black-2street-studio-x-urban-arts\\\/#breadcrumb\",\"itemListElement\":[{\"@type\":\"ListItem\",\"position\":1,\"name\":\"Accueil\",\"item\":\"https:\\\/\\\/www.2street-studio.com\\\/en\\\/le-lab\\\/\"},{\"@type\":\"ListItem\",\"position\":2,\"name\":\"Shop\",\"item\":\"https:\\\/\\\/www.2street-studio.com\\\/shop\\\/\"},{\"@type\":\"ListItem\",\"position\":3,\"name\":\"The Capsule by Monsieur Lebleu &#8211; Augmented Reality (AR) Bundle Black 2Street-Studio x Urban Arts\"}]},{\"@type\":\"WebSite\",\"@id\":\"https:\\\/\\\/www.2street-studio.com\\\/en\\\/#website\",\"url\":\"https:\\\/\\\/www.2street-studio.com\\\/en\\\/\",\"name\":\"2 STREET-STUDIO\",\"description\":\"\",\"potentialAction\":[{\"@type\":\"SearchAction\",\"target\":{\"@type\":\"EntryPoint\",\"urlTemplate\":\"https:\\\/\\\/www.2street-studio.com\\\/en\\\/?s={search_term_string}\"},\"query-input\":{\"@type\":\"PropertyValueSpecification\",\"valueRequired\":true,\"valueName\":\"search_term_string\"}}],\"inLanguage\":\"en-US\"}]}<\/script>\n<!-- \/ Yoast SEO plugin. -->","yoast_head_json":{"title":"The Capsule Akira - Mr Lebleu augmented reality (AR) collection","description":"The Capsule Akira - Monsieur Lebleu Collection in augmented reality (AR). Hoodie, T-shirt and Print. Art, fashion and technology. Limited Edition","robots":{"index":"index","follow":"follow","max-snippet":"max-snippet:-1","max-image-preview":"max-image-preview:large","max-video-preview":"max-video-preview:-1"},"canonical":"https:\/\/www.2street-studio.com\/en\/product\/the-capsule-by-monsieur-lebleu-augmented-reality-ar-bundle-black-2street-studio-x-urban-arts\/","og_locale":"en_US","og_type":"article","og_title":"The Capsule Akira - Mr Lebleu augmented reality (AR) collection","og_description":"The Capsule Akira - Monsieur Lebleu Collection in augmented reality (AR). Hoodie, T-shirt and Print. Art, fashion and technology. Limited Edition","og_url":"https:\/\/www.2street-studio.com\/en\/product\/the-capsule-by-monsieur-lebleu-augmented-reality-ar-bundle-black-2street-studio-x-urban-arts\/","og_site_name":"2 STREET-STUDIO","og_image":[{"width":2074,"height":1808,"url":"https:\/\/www.2street-studio.com\/wp-content\/uploads\/2024\/11\/Bundle-Noir-AR-2Street-Studio-x-Urban-Arts-Magazine-\u2013-The-Capsules-par-Monsieur-Lebleu-.webp","type":"image\/webp"}],"twitter_card":"summary_large_image","schema":{"@context":"https:\/\/schema.org","@graph":[{"@type":"WebPage","@id":"https:\/\/www.2street-studio.com\/en\/product\/the-capsule-by-monsieur-lebleu-augmented-reality-ar-bundle-black-2street-studio-x-urban-arts\/","url":"https:\/\/www.2street-studio.com\/en\/product\/the-capsule-by-monsieur-lebleu-augmented-reality-ar-bundle-black-2street-studio-x-urban-arts\/","name":"The Capsule Akira - Mr Lebleu augmented reality (AR) collection","isPartOf":{"@id":"https:\/\/www.2street-studio.com\/en\/#website"},"primaryImageOfPage":{"@id":"https:\/\/www.2street-studio.com\/en\/product\/the-capsule-by-monsieur-lebleu-augmented-reality-ar-bundle-black-2street-studio-x-urban-arts\/#primaryimage"},"image":{"@id":"https:\/\/www.2street-studio.com\/en\/product\/the-capsule-by-monsieur-lebleu-augmented-reality-ar-bundle-black-2street-studio-x-urban-arts\/#primaryimage"},"thumbnailUrl":"https:\/\/www.2street-studio.com\/wp-content\/uploads\/2024\/11\/Bundle-Noir-AR-2Street-Studio-x-Urban-Arts-Magazine-\u2013-The-Capsules-par-Monsieur-Lebleu-.webp","datePublished":"2024-11-29T19:04:23+00:00","description":"The Capsule Akira - Monsieur Lebleu Collection in augmented reality (AR). Hoodie, T-shirt and Print. Art, fashion and technology. Limited Edition","breadcrumb":{"@id":"https:\/\/www.2street-studio.com\/en\/product\/the-capsule-by-monsieur-lebleu-augmented-reality-ar-bundle-black-2street-studio-x-urban-arts\/#breadcrumb"},"inLanguage":"en-US","potentialAction":[{"@type":"ReadAction","target":["https:\/\/www.2street-studio.com\/en\/product\/the-capsule-by-monsieur-lebleu-augmented-reality-ar-bundle-black-2street-studio-x-urban-arts\/"]}]},{"@type":"ImageObject","inLanguage":"en-US","@id":"https:\/\/www.2street-studio.com\/en\/product\/the-capsule-by-monsieur-lebleu-augmented-reality-ar-bundle-black-2street-studio-x-urban-arts\/#primaryimage","url":"https:\/\/www.2street-studio.com\/wp-content\/uploads\/2024\/11\/Bundle-Noir-AR-2Street-Studio-x-Urban-Arts-Magazine-\u2013-The-Capsules-par-Monsieur-Lebleu-.webp","contentUrl":"https:\/\/www.2street-studio.com\/wp-content\/uploads\/2024\/11\/Bundle-Noir-AR-2Street-Studio-x-Urban-Arts-Magazine-\u2013-The-Capsules-par-Monsieur-Lebleu-.webp","width":2074,"height":1808,"caption":"coffret noir r\u00e9alit\u00e9 augment\u00e9e Akira \"The Capsules\" par Monsieur Lebleu. Hoodie, T-shirt et print."},{"@type":"BreadcrumbList","@id":"https:\/\/www.2street-studio.com\/en\/product\/the-capsule-by-monsieur-lebleu-augmented-reality-ar-bundle-black-2street-studio-x-urban-arts\/#breadcrumb","itemListElement":[{"@type":"ListItem","position":1,"name":"Accueil","item":"https:\/\/www.2street-studio.com\/en\/le-lab\/"},{"@type":"ListItem","position":2,"name":"Shop","item":"https:\/\/www.2street-studio.com\/shop\/"},{"@type":"ListItem","position":3,"name":"The Capsule by Monsieur Lebleu &#8211; Augmented Reality (AR) Bundle Black 2Street-Studio x Urban Arts"}]},{"@type":"WebSite","@id":"https:\/\/www.2street-studio.com\/en\/#website","url":"https:\/\/www.2street-studio.com\/en\/","name":"2 STREET-STUDIO","description":"","potentialAction":[{"@type":"SearchAction","target":{"@type":"EntryPoint","urlTemplate":"https:\/\/www.2street-studio.com\/en\/?s={search_term_string}"},"query-input":{"@type":"PropertyValueSpecification","valueRequired":true,"valueName":"search_term_string"}}],"inLanguage":"en-US"}]}},"_links":{"self":[{"href":"https:\/\/www.2street-studio.com\/en\/wp-json\/wp\/v2\/product\/23447","targetHints":{"allow":["GET"]}}],"collection":[{"href":"https:\/\/www.2street-studio.com\/en\/wp-json\/wp\/v2\/product"}],"about":[{"href":"https:\/\/www.2street-studio.com\/en\/wp-json\/wp\/v2\/types\/product"}],"replies":[{"embeddable":true,"href":"https:\/\/www.2street-studio.com\/en\/wp-json\/wp\/v2\/comments?post=23447"}],"wp:featuredmedia":[{"embeddable":true,"href":"https:\/\/www.2street-studio.com\/en\/wp-json\/wp\/v2\/media\/23144"}],"wp:attachment":[{"href":"https:\/\/www.2street-studio.com\/en\/wp-json\/wp\/v2\/media?parent=23447"}],"wp:term":[{"taxonomy":"product_brand","embeddable":true,"href":"https:\/\/www.2street-studio.com\/en\/wp-json\/wp\/v2\/product_brand?post=23447"},{"taxonomy":"product_cat","embeddable":true,"href":"https:\/\/www.2street-studio.com\/en\/wp-json\/wp\/v2\/product_cat?post=23447"},{"taxonomy":"product_tag","embeddable":true,"href":"https:\/\/www.2street-studio.com\/en\/wp-json\/wp\/v2\/product_tag?post=23447"}],"curies":[{"name":"wp","href":"https:\/\/api.w.org\/{rel}","templated":true}]}}